{"id":12256,"date":"2025-11-02T13:06:45","date_gmt":"2025-11-02T13:06:45","guid":{"rendered":"https:\/\/www.tsim.mobi\/?post_type=product&#038;p=12256"},"modified":"2025-11-06T10:41:48","modified_gmt":"2025-11-06T10:41:48","slug":"calling-card","status":"publish","type":"product","link":"https:\/\/benq.cc.shopshastra.com\/ja\/product\/calling-card\/","title":{"rendered":"International Calling Card"},"content":{"rendered":"<p>SIMPLE DIALING PROCEDURE: Dial any access number, when prompted dial PIN and destination number. PINless dialing possible by registering calling number. Destination number must include country code. Calls to USA\/Canada must begin with 1. Upto 500 minutes available depending on destination slab. Calling mobiles in some countries gives you less minutes. See slabs in images.<\/p>\n<h4>Coverage<\/h4>\n<div class=\"coverage\">CALL AMERICA: Antigua and Barbuda, Argentina, Bahamas, Barbados, Belize, Bolivia, Brazil, Canada, Chile, Colombia, Costa Rica, Cuba, Dominica, Dominican Republic, Ecuador, El Salvador, Grenada, Guatemala, Guyana, Haiti, Honduras, Jamaica, Mexico, Nicaragua, Panama, Paraguay, Peru, Saint Kitts and Nevis, Saint Lucia, Suriname, Trinidad and Tobago, United States, Uruguay, Venezuela<br \/>\nCALL AFRICA: Algeria, Angola, Benin, Botswana, Burkina Faso, Burundi, Cameroon, Central African Republic, Chad, Comoros, Democratic Republic of the Congo, Republic of the Congo, C\u00f4te d\u2019Ivoire, Djibouti, Egypt, Equatorial Guinea, Eritrea, Eswatini, Ethiopia, Gabon, Gambia, Ghana, Guinea, Guinea-Bissau, Kenya, Lesotho, Liberia, Libya, Madagascar, Malawi, Mali, Mauritania, Mauritius, Morocco, Mozambique, Namibia, Niger, Nigeria, Rwanda, S\u00e3o Tom\u00e9 and Pr\u00edncipe, Senegal, Seychelles, Sierra Leone, Somalia, South Africa, South Sudan, Sudan, Tanzania, Togo, Tunisia, Uganda, Zambia, Zimbabwe<br \/>\nCALL ASIA: Afghanistan, Armenia, Australia, Azerbaijan, Bahrain, Bangladesh, Bhutan, Brunei, Cambodia, China, Cyprus, Georgia, India, Indonesia, Iran, Iraq, Israel, Japan, Jordan, Kazakhstan, Kuwait, Kyrgyzstan, Laos, Lebanon, Malaysia, Maldives, Mongolia, Myanmar, Nepal, New Zealand, Oman, Pakistan, Palestine, Philippines, Qatar, Saudi Arabia, Singapore, South Korea, Sri Lanka, Syria, Taiwan, Tajikistan, Thailand, Turkey, Turkmenistan, United Arab Emirates, Uzbekistan, Vietnam, Yemen<br \/>\nCALL EUROPE: Albania, Andorra, Austria, Belarus, Belgium, Bosnia and Herzegovina, Bulgaria, Croatia, Czechia, Denmark, Estonia, Finland, France, Germany, Greece, Hungary, Iceland, Ireland, Italy, Kosovo, Latvia, Liechtenstein, Lithuania, Luxembourg, Malta, Moldova, Monaco, Montenegro, Netherlands, Macedonia, Norway, Poland, Portugal, Romania, Russia, San Marino, Serbia, Slovakia, Slovenia, Spain, Sweden, Switzerland, Ukraine, United Kingdom, Vatican City<\/div>\n<h4>Dialing procedure<\/h4>\n<ol>\n<li>With PIN\n<ol>\n<li>Dial access number\n<li>Dial UserID + PIN\n<li>Dial destination number<\/ol>\n<p>  <em>(Destination number must include the country code. Calls to USA\/Canada must begin with 1)<\/em><\/p>\n<li>Registering for PINless dial\n<ol>\n<li>Dial access number\n<li>Dial UserID + PIN\n<li>Dial * for more options and follow prompt<\/ol>\n<p>  <em>(PINless dial allows the phone you register to make calls wihout PIN. Do not register public payphones)<\/em><\/p>\n<li>PINless dial\n<ol>\n<li>Dial access number\n<li>Dial destination number<\/li>\n<\/ol>\n<\/ol>\n<h4>Access Numbers<\/h4>\n<ol>\n<li>From within USA\/Canada: 13476701779\n<li>From a PayPhone: 18885777890\n<li>When in Europe and UK: +442036426872<\/ol>\n<h4>Billing<\/h4>\n<ol>\n<li>Billing starts when you connect to the access number\n<li>Calls are charged in 60 second increments<\/ol>\n","protected":false},"excerpt":{"rendered":"<p>TSIM\u2019s International Calling Card lets you connect worldwide in seconds. Pinless dialing, no payphone surcharge, and flexible usage with no expiration.<br \/><em><small>Note: This is not an eSIM and does not give you data service. It only allows you make International calls when you have access to domestic \/ local calling or a pay phone<\/small><\/em><\/p>\n<ul class=\"vbig\">\n<li>Worldwide Calling<\/li>\n<li>Worldwide Access numbers<\/li>\n<li>Call via InstaSIM App too<\/li>\n<li>Pinless dialing<\/li>\n<\/ul>\n","protected":false},"featured_media":12332,"comment_status":"open","ping_status":"closed","template":"","meta":{"_uag_custom_page_level_css":"","site-sidebar-layout":"default","site-content-layout":"","ast-site-content-layout":"default","site-content-style":"default","site-sidebar-style":"default","ast-global-header-display":"","ast-banner-title-visibility":"","ast-main-header-display":"","ast-hfb-above-header-display":"","ast-hfb-below-header-display":"","ast-hfb-mobile-header-display":"","site-post-title":"","ast-breadcrumbs-content":"","ast-featured-img":"","footer-sml-layout":"","theme-transparent-header-meta":"default","adv-header-id-meta":"","stick-header-meta":"","header-above-stick-meta":"","header-main-stick-meta":"","header-below-stick-meta":"","astra-migrate-meta-layouts":"set","ast-page-background-enabled":"default","ast-page-background-meta":{"desktop":{"background-color":"var(--ast-global-color-4)","background-image":"","background-repeat":"repeat","background-position":"center center","background-size":"auto","background-attachment":"scroll","background-type":"","background-media":"","overlay-type":"","overlay-color":"","overlay-opacity":"","overlay-gradient":""},"tablet":{"background-color":"","background-image":"","background-repeat":"repeat","background-position":"center center","background-size":"auto","background-attachment":"scroll","background-type":"","background-media":"","overlay-type":"","overlay-color":"","overlay-opacity":"","overlay-gradient":""},"mobile":{"background-color":"","background-image":"","background-repeat":"repeat","background-position":"center center","background-size":"auto","background-attachment":"scroll","background-type":"","background-media":"","overlay-type":"","overlay-color":"","overlay-opacity":"","overlay-gradient":""}},"ast-content-background-meta":{"desktop":{"background-color":"var(--ast-global-color-5)","background-image":"","background-repeat":"repeat","background-position":"center center","background-size":"auto","background-attachment":"scroll","background-type":"","background-media":"","overlay-type":"","overlay-color":"","overlay-opacity":"","overlay-gradient":""},"tablet":{"background-color":"var(--ast-global-color-5)","background-image":"","background-repeat":"repeat","background-position":"center center","background-size":"auto","background-attachment":"scroll","background-type":"","background-media":"","overlay-type":"","overlay-color":"","overlay-opacity":"","overlay-gradient":""},"mobile":{"background-color":"var(--ast-global-color-5)","background-image":"","background-repeat":"repeat","background-position":"center center","background-size":"auto","background-attachment":"scroll","background-type":"","background-media":"","overlay-type":"","overlay-color":"","overlay-opacity":"","overlay-gradient":""}}},"product_brand":[],"product_cat":[22],"product_tag":[],"class_list":{"0":"post-12256","1":"product","2":"type-product","3":"status-publish","4":"has-post-thumbnail","6":"product_cat-regions","7":"desktop-align-left","8":"tablet-align-left","9":"mobile-align-left","10":"ast-product-gallery-layout-horizontal-slider","11":"ast-product-single-variable","12":"ast-product-tabs-layout-horizontal","14":"first","15":"instock","16":"shipping-taxable","17":"purchasable","18":"product-type-variable"},"uagb_featured_image_src":{"full":["https:\/\/benq.cc.shopshastra.com\/wp-content\/uploads\/2025\/11\/phone-card.png",1905,1215,false],"thumbnail":["https:\/\/benq.cc.shopshastra.com\/wp-content\/uploads\/2025\/11\/phone-card-150x150.png",150,150,true],"medium":["https:\/\/benq.cc.shopshastra.com\/wp-content\/uploads\/2025\/11\/phone-card-300x191.png",300,191,true],"medium_large":["https:\/\/benq.cc.shopshastra.com\/wp-content\/uploads\/2025\/11\/phone-card-768x490.png",768,490,true],"large":["https:\/\/benq.cc.shopshastra.com\/wp-content\/uploads\/2025\/11\/phone-card-1024x653.png",1024,653,true],"1536x1536":["https:\/\/benq.cc.shopshastra.com\/wp-content\/uploads\/2025\/11\/phone-card-1536x980.png",1536,980,true],"2048x2048":["https:\/\/benq.cc.shopshastra.com\/wp-content\/uploads\/2025\/11\/phone-card.png",1905,1215,false],"woocommerce_thumbnail":["https:\/\/benq.cc.shopshastra.com\/wp-content\/uploads\/2025\/11\/phone-card-300x191.png",300,191,true],"woocommerce_single":["https:\/\/benq.cc.shopshastra.com\/wp-content\/uploads\/2025\/11\/phone-card-600x383.png",600,383,true],"woocommerce_gallery_thumbnail":["https:\/\/benq.cc.shopshastra.com\/wp-content\/uploads\/2025\/11\/phone-card-100x100.png",100,100,true]},"uagb_author_info":{"display_name":"Services TSIM","author_link":"https:\/\/benq.cc.shopshastra.com\/ja\/author\/"},"uagb_comment_info":0,"uagb_excerpt":"TSIM\u2019s International Calling Card lets you connect worl\u2026","_links":{"self":[{"href":"https:\/\/benq.cc.shopshastra.com\/ja\/wp-json\/wp\/v2\/product\/12256","targetHints":{"allow":["GET"]}}],"collection":[{"href":"https:\/\/benq.cc.shopshastra.com\/ja\/wp-json\/wp\/v2\/product"}],"about":[{"href":"https:\/\/benq.cc.shopshastra.com\/ja\/wp-json\/wp\/v2\/types\/product"}],"replies":[{"embeddable":true,"href":"https:\/\/benq.cc.shopshastra.com\/ja\/wp-json\/wp\/v2\/comments?post=12256"}],"wp:featuredmedia":[{"embeddable":true,"href":"https:\/\/benq.cc.shopshastra.com\/ja\/wp-json\/wp\/v2\/media\/12332"}],"wp:attachment":[{"href":"https:\/\/benq.cc.shopshastra.com\/ja\/wp-json\/wp\/v2\/media?parent=12256"}],"wp:term":[{"taxonomy":"product_brand","embeddable":true,"href":"https:\/\/benq.cc.shopshastra.com\/ja\/wp-json\/wp\/v2\/product_brand?post=12256"},{"taxonomy":"product_cat","embeddable":true,"href":"https:\/\/benq.cc.shopshastra.com\/ja\/wp-json\/wp\/v2\/product_cat?post=12256"},{"taxonomy":"product_tag","embeddable":true,"href":"https:\/\/benq.cc.shopshastra.com\/ja\/wp-json\/wp\/v2\/product_tag?post=12256"}],"curies":[{"name":"wp","href":"https:\/\/api.w.org\/{rel}","templated":true}]}}